{"id":1087,"date":"2022-03-02T11:19:57","date_gmt":"2022-03-02T14:19:57","guid":{"rendered":"https:\/\/isfdvictoriaocampo-cba.infd.edu.ar\/sitio\/?page_id=1087"},"modified":"2026-02-07T12:06:38","modified_gmt":"2026-02-07T15:06:38","slug":"plan-de-estudios","status":"publish","type":"page","link":"https:\/\/isfdvictoriaocampo-cba.infd.edu.ar\/sitio\/el-instituto\/profesorado-de-educacion-tecnologica\/plan-de-estudios\/","title":{"rendered":"PROFESORADO DE EDUCACI\u00d3N TECNOL\u00d3GICA"},"content":{"rendered":"\n<p><strong>UNIDAD DE DEFINICI\u00d3N INSTITUCIONAL:&nbsp; DESARROLLO DEL PENSAMIENTO COMPUTACIONAL<\/strong><\/p>\n\n\n\n<p><\/p>\n\n\n\n<p id=\"block-bef23eab-ead6-4b86-a242-56246e762228\"><strong>FINALIDADES Y PERFIL DE LA FORMACI\u00d3N DOCENTE DE LOS PROFESORES\/AS DE EDUCACI\u00d3N TECONOL\u00d3GICA<\/strong><\/p>\n\n\n\n<p id=\"block-9770f8b8-fe86-4d4b-8581-7fae672254cc\">La docencia es una profesi\u00f3n y un trabajo cuya especificidad se centra en los procesos de transmisi\u00f3n y producci\u00f3n de conocimientos en torno a la ense\u00f1anza tendiente al desarrollo integral de los sujetos con los que se interact\u00faa. La ense\u00f1anza se define como una acci\u00f3n compleja que se despliega en la toma de decisiones acerca de qu\u00e9 ense\u00f1ar, c\u00f3mo ense\u00f1ar, para qu\u00e9 ense\u00f1ar, y que requiere de la reflexi\u00f3n y comprensi\u00f3n de las m\u00faltiples dimensiones sociopol\u00edticas, hist\u00f3rico-culturales, pedag\u00f3gicas, metodol\u00f3gicas y disciplinares, para el desarrollo de pr\u00e1cticas educativas transformadoras del propio sujeto, del otro y del contexto en que se act\u00faa.<\/p>\n\n\n\n<p id=\"block-38b81859-3ef5-41ce-8657-ee3e351963dd\">Pensar la formaci\u00f3n de <strong>Profesor\/a de Educaci\u00f3n Tecnol\u00f3gica <\/strong>supone generar las condiciones para que, quien se forme, realice un proceso de desarrollo personal que le permita reconocer y comprometerse en un itinerario formativo que va m\u00e1s all\u00e1 de las experiencias escolares. Por esta raz\u00f3n, se observa como elemento clave en la formaci\u00f3n la participaci\u00f3n en \u00e1mbitos de producci\u00f3n cultural, cient\u00edfica y tecnol\u00f3gica que los habilite para poder comprender y actuar en diversas situaciones.<\/p>\n\n\n\n<p id=\"block-0d122cd2-4a44-4aa2-93f6-c2558c0fc5df\">Esta certificaci\u00f3n habilita para el ejercicio de la docencia en el sistema educativo nacional en el nivel inicial, primario y secundario en todas sus modalidades. El t\u00edtulo docente de Profesor\/a de Educaci\u00f3n Tecnol\u00f3gica, otorgado en el marco del sistema educativo nacional por la provincia de C\u00f3rdoba, habilita para el ejercicio profesional y por ello tienen una alta repercusi\u00f3n en las posibilidades de desarrollo de la docencia y en las pr\u00e1cticas pedag\u00f3gicas que se llevan a cabo en las escuelas, aportando al mejoramiento de la calidad educativa atento a su implicancia social.<\/p>\n\n\n\n<p id=\"block-21f39094-1e94-45d1-b677-336669f7ea5a\">La certificaci\u00f3n habilita a los docentes para desempe\u00f1arse en el nivel inicial, primario y secundario en todas sus modalidades. Adem\u00e1s, para dar clases del espacio curricular Educaci\u00f3n Tecnol\u00f3gica, es un t\u00edtulo supletorio del dictado de Matem\u00e1tica, F\u00edsica, CTSA, Biotecnolog\u00eda, Formaci\u00f3n para el trabajo, entre otros. <\/p>\n\n\n\n<p><strong>Caracter\u00edsticas<\/strong><\/p>\n\n\n\n<p><a><\/a>&nbsp;4 a\u00f1os de duraci\u00f3n.<br><a><\/a>&nbsp;Modalidad presencial.<br><a><\/a>&nbsp;Validez nacional.<\/p>\n\n\n\n<p id=\"block-4e1f47a5-da82-4e23-8b64-7ad9caa6db50\"><strong>Alcances del t\u00edtulo:<\/strong><br>&#x1f4da; Planificar, conducir y evaluar los procesos de ense\u00f1anza y aprendizaje vinculados a la educaci\u00f3n tecnol\u00f3gica en el CBU, en Polimodal o sus equivalentes y en el Nivel Superior no Universitario.<\/p>\n\n\n\n<p id=\"block-3a6f7651-e1d2-4ca1-a048-aa4cd9450adb\">&#x1f4da; Asesorar en lo concerniente al proceso de ense\u00f1anza y aprendizaje en lo relacionado con el \u00e1rea de conocimiento espec\u00edfico.<\/p>\n\n\n\n<p id=\"block-c35aeb4b-aaa7-4d47-b5df-76f1a2b650a9\">&#x1f4da; Participar en equipos de investigaci\u00f3n del \u00e1rea epistemol\u00f3gica.<\/p>\n\n\n\n<p id=\"block-a7f67024-5ddd-43f7-b1a1-c180871f8371\">&#x1f4da; Participar en equipos de investigaci\u00f3n interdisciplinario y educativo.<\/p>\n\n\n\n<figure class=\"wp-block-image is-resized\" id=\"block-c8192f8d-3db6-4e1e-8228-19fc01c6be09\"><img decoding=\"async\" loading=\"lazy\" src=\"https:\/\/isfdvictoriaocampo-cba.infd.edu.ar\/sitio\/wp-content\/uploads\/2022\/02\/ano-1.png\" alt=\"La imagen tiene un atributo ALT vac\u00edo; su nombre de archivo es ano-1.png\" width=\"597\" height=\"660\"\/><\/figure>\n\n\n\n<figure class=\"wp-block-image is-resized\" id=\"block-d7d434b9-f3bf-46c1-8d03-ddcd8db0f4b8\"><img decoding=\"async\" loading=\"lazy\" src=\"https:\/\/isfdvictoriaocampo-cba.infd.edu.ar\/sitio\/wp-content\/uploads\/2022\/02\/ano-2.png\" alt=\"La imagen tiene un atributo ALT vac\u00edo; su nombre de archivo es ano-2.png\" width=\"608\" height=\"722\"\/><\/figure>\n\n\n\n<figure class=\"wp-block-image is-resized\" id=\"block-5cae06b5-33de-4efb-9a8a-58f579d2b932\"><img decoding=\"async\" loading=\"lazy\" src=\"https:\/\/isfdvictoriaocampo-cba.infd.edu.ar\/sitio\/wp-content\/uploads\/2022\/02\/ano-3.png\" alt=\"La imagen tiene un atributo ALT vac\u00edo; su nombre de archivo es ano-3.png\" width=\"588\" height=\"670\"\/><\/figure>\n\n\n\n<figure class=\"wp-block-image is-resized\" id=\"block-96db145a-f955-4b13-b0cb-48de2d58d66a\"><img decoding=\"async\" loading=\"lazy\" src=\"https:\/\/isfdvictoriaocampo-cba.infd.edu.ar\/sitio\/wp-content\/uploads\/2022\/02\/ano-4.png\" alt=\"La imagen tiene un atributo ALT vac\u00edo; su nombre de archivo es ano-4.png\" width=\"584\" height=\"676\"\/><\/figure>\n\n\n\n<figure class=\"wp-block-image is-resized\" id=\"block-76b95226-bcc1-4a9a-a01a-7a58147451ee\"><img decoding=\"async\" loading=\"lazy\" src=\"https:\/\/isfdvictoriaocampo-cba.infd.edu.ar\/sitio\/wp-content\/uploads\/2022\/02\/ano-5-1.png\" alt=\"La imagen tiene un atributo ALT vac\u00edo; su nombre de archivo es ano-5-1.png\" width=\"584\" height=\"112\"\/><\/figure>\n\n\n\n<figure class=\"wp-block-image size-full\"><img decoding=\"async\" loading=\"lazy\" width=\"1000\" height=\"1600\" src=\"https:\/\/isfdvictoriaocampo-cba.infd.edu.ar\/sitio\/wp-content\/uploads\/2026\/02\/WhatsApp-Image-2025-04-14-at-10.22.59-1-edited.jpeg\" alt=\"\" class=\"wp-image-1220\" srcset=\"https:\/\/isfdvictoriaocampo-cba.infd.edu.ar\/sitio\/wp-content\/uploads\/2026\/02\/WhatsApp-Image-2025-04-14-at-10.22.59-1-edited.jpeg 1000w, https:\/\/isfdvictoriaocampo-cba.infd.edu.ar\/sitio\/wp-content\/uploads\/2026\/02\/WhatsApp-Image-2025-04-14-at-10.22.59-1-edited-625x1000.jpeg 625w, https:\/\/isfdvictoriaocampo-cba.infd.edu.ar\/sitio\/wp-content\/uploads\/2026\/02\/WhatsApp-Image-2025-04-14-at-10.22.59-1-edited-768x1229.jpeg 768w, https:\/\/isfdvictoriaocampo-cba.infd.edu.ar\/sitio\/wp-content\/uploads\/2026\/02\/WhatsApp-Image-2025-04-14-at-10.22.59-1-edited-960x1536.jpeg 960w\" sizes=\"(max-width: 1000px) 100vw, 1000px\" \/><\/figure>\n","protected":false},"excerpt":{"rendered":"<p>UNIDAD DE DEFINICI\u00d3N INSTITUCIONAL:&nbsp; DESARROLLO DEL PENSAMIENTO COMPUTACIONAL FINALIDADES Y PERFIL DE LA FORMACI\u00d3N DOCENTE DE LOS PROFESORES\/AS DE EDUCACI\u00d3N TECONOL\u00d3GICA La docencia es una profesi\u00f3n y un trabajo cuya especificidad se centra en los procesos de transmisi\u00f3n y producci\u00f3n de conocimientos en torno a la ense\u00f1anza tendiente al desarrollo integral de los sujetos con &#8230; <a title=\"PROFESORADO DE EDUCACI\u00d3N TECNOL\u00d3GICA\" class=\"read-more\" href=\"https:\/\/isfdvictoriaocampo-cba.infd.edu.ar\/sitio\/el-instituto\/profesorado-de-educacion-tecnologica\/plan-de-estudios\/\" aria-label=\"More on PROFESORADO DE EDUCACI\u00d3N TECNOL\u00d3GICA\">[+]<\/a><\/p>\n","protected":false},"author":189,"featured_media":0,"parent":1065,"menu_order":0,"comment_status":"closed","ping_status":"closed","template":"","meta":[],"acf":[],"_links":{"self":[{"href":"https:\/\/isfdvictoriaocampo-cba.infd.edu.ar\/sitio\/wp-json\/wp\/v2\/pages\/1087"}],"collection":[{"href":"https:\/\/isfdvictoriaocampo-cba.infd.edu.ar\/sitio\/wp-json\/wp\/v2\/pages"}],"about":[{"href":"https:\/\/isfdvictoriaocampo-cba.infd.edu.ar\/sitio\/wp-json\/wp\/v2\/types\/page"}],"author":[{"embeddable":true,"href":"https:\/\/isfdvictoriaocampo-cba.infd.edu.ar\/sitio\/wp-json\/wp\/v2\/users\/189"}],"replies":[{"embeddable":true,"href":"https:\/\/isfdvictoriaocampo-cba.infd.edu.ar\/sitio\/wp-json\/wp\/v2\/comments?post=1087"}],"version-history":[{"count":7,"href":"https:\/\/isfdvictoriaocampo-cba.infd.edu.ar\/sitio\/wp-json\/wp\/v2\/pages\/1087\/revisions"}],"predecessor-version":[{"id":1221,"href":"https:\/\/isfdvictoriaocampo-cba.infd.edu.ar\/sitio\/wp-json\/wp\/v2\/pages\/1087\/revisions\/1221"}],"up":[{"embeddable":true,"href":"https:\/\/isfdvictoriaocampo-cba.infd.edu.ar\/sitio\/wp-json\/wp\/v2\/pages\/1065"}],"wp:attachment":[{"href":"https:\/\/isfdvictoriaocampo-cba.infd.edu.ar\/sitio\/wp-json\/wp\/v2\/media?parent=1087"}],"curies":[{"name":"wp","href":"https:\/\/api.w.org\/{rel}","templated":true}]}}