{"id":1131,"date":"2023-01-05T06:50:10","date_gmt":"2023-01-05T09:50:10","guid":{"rendered":"https:\/\/isfdvictoriaocampo-cba.infd.edu.ar\/sitio\/?page_id=1131"},"modified":"2026-02-10T10:27:49","modified_gmt":"2026-02-10T13:27:49","slug":"preinscripciones-2023","status":"publish","type":"page","link":"https:\/\/isfdvictoriaocampo-cba.infd.edu.ar\/sitio\/preinscripciones-2023\/","title":{"rendered":"INSCRIPCI\u00d3N ANUAL 2026"},"content":{"rendered":"\n<h1 class=\"wp-block-heading\">Requisitos de Inscripci\u00f3n Anual<\/h1>\n\n\n\n<p><strong>REQUISITOS ACAD\u00c9MICOS<\/strong><\/p>\n\n\n\n<p>Durante la trayectoria formativa, cada estudiante deber\u00e1:<\/p>\n\n\n\n<ul>\n<li>Matricularse en la instituci\u00f3n;<\/li>\n\n\n\n<li>Inscribirse en las UC y\/o EC que desee cursar, siendo su responsabilidad respetar el r\u00e9gimen de correlatividades vigente.<\/li>\n\n\n\n<li>Conocer en profundidad el Plan de Estudios de la Carrera de Educaci\u00f3n Superior que ha elegido, &nbsp;las UC y\/o EC que est\u00e1n comprendidas en dicho Plan, los horarios, las formas de evaluaci\u00f3n, las modalidades de cursado y toda informaci\u00f3n pertinente.<\/li>\n\n\n\n<li>Comprometerse en un proceso participativo de construcci\u00f3n del conocimiento significativo, cient\u00edfico y profesional, propio del Nivel Superior.<\/li>\n<\/ul>\n\n\n\n<p><strong>REQUISITOS DE INSCRIPCI\u00d3N<\/strong><\/p>\n\n\n\n<ul>\n<li>Certificado de no inscripci\u00f3n al registro provincial de personas condenadas por delitos contra la identidad sexual (LEY 9680) (<a href=\"https:\/\/disweb.cba.gov.ar\/\">Descargar aqu\u00ed<\/a>)<\/li>\n\n\n\n<li>Planilla de inscripci\u00f3n anual:<\/li>\n\n\n\n<li>DESCARGAR PLANILLA AQU\u00cd:<\/li>\n\n\n\n<li><a href=\"https:\/\/docs.google.com\/document\/d\/1JZ6h1eabg_ijQpmrpkvwG5ikTY4LYBK-\/edit?usp=drive_link&amp;ouid=108861524196355868662&amp;rtpof=true&amp;sd=true\">RE-INSCRIP-2026-Educacion-Primaria<\/a><\/li>\n\n\n\n<li>DESCARGAR PLANILLA AQU\u00cd:<\/li>\n\n\n\n<li><a href=\"https:\/\/docs.google.com\/document\/d\/1ZJ15HPaF2P6y61XtpoMidDUt1gQDvzje\/edit?usp=sharing&amp;ouid=108861524196355868662&amp;rtpof=true&amp;sd=true\">RE-INSCRIP-2026-Educacion-Tecnologica<\/a><\/li>\n<\/ul>\n\n\n\n<p><br><\/p>\n\n\n\n<p>Ante cualquier inconveniente o duda, comunicarse a: ifdvictoria_ocampo@yahoo.com.ar <\/p>\n","protected":false},"excerpt":{"rendered":"<p>Requisitos de Inscripci\u00f3n Anual REQUISITOS ACAD\u00c9MICOS Durante la trayectoria formativa, cada estudiante deber\u00e1: REQUISITOS DE INSCRIPCI\u00d3N Ante cualquier inconveniente o duda, comunicarse a: ifdvictoria_ocampo@yahoo.com.ar<\/p>\n","protected":false},"author":189,"featured_media":0,"parent":0,"menu_order":0,"comment_status":"closed","ping_status":"closed","template":"","meta":[],"acf":[],"_links":{"self":[{"href":"https:\/\/isfdvictoriaocampo-cba.infd.edu.ar\/sitio\/wp-json\/wp\/v2\/pages\/1131"}],"collection":[{"href":"https:\/\/isfdvictoriaocampo-cba.infd.edu.ar\/sitio\/wp-json\/wp\/v2\/pages"}],"about":[{"href":"https:\/\/isfdvictoriaocampo-cba.infd.edu.ar\/sitio\/wp-json\/wp\/v2\/types\/page"}],"author":[{"embeddable":true,"href":"https:\/\/isfdvictoriaocampo-cba.infd.edu.ar\/sitio\/wp-json\/wp\/v2\/users\/189"}],"replies":[{"embeddable":true,"href":"https:\/\/isfdvictoriaocampo-cba.infd.edu.ar\/sitio\/wp-json\/wp\/v2\/comments?post=1131"}],"version-history":[{"count":16,"href":"https:\/\/isfdvictoriaocampo-cba.infd.edu.ar\/sitio\/wp-json\/wp\/v2\/pages\/1131\/revisions"}],"predecessor-version":[{"id":1235,"href":"https:\/\/isfdvictoriaocampo-cba.infd.edu.ar\/sitio\/wp-json\/wp\/v2\/pages\/1131\/revisions\/1235"}],"wp:attachment":[{"href":"https:\/\/isfdvictoriaocampo-cba.infd.edu.ar\/sitio\/wp-json\/wp\/v2\/media?parent=1131"}],"curies":[{"name":"wp","href":"https:\/\/api.w.org\/{rel}","templated":true}]}}