{"id":1166,"date":"2024-06-27T08:36:12","date_gmt":"2024-06-27T11:36:12","guid":{"rendered":"https:\/\/isfdvictoriaocampo-cba.infd.edu.ar\/sitio\/?page_id=1166"},"modified":"2024-08-30T10:42:49","modified_gmt":"2024-08-30T13:42:49","slug":"1er-congreso-de-educacion","status":"publish","type":"page","link":"https:\/\/isfdvictoriaocampo-cba.infd.edu.ar\/sitio\/1er-congreso-de-educacion\/","title":{"rendered":"1er CONGRESO DE EDUCACI\u00d3N &#8211; 2024"},"content":{"rendered":"\n<p><strong>1er CONGRESO EDUCATIVO \u00abINCLUSI\u00d3N Y TECNOLOG\u00cdA: una decisi\u00f3n pedag\u00f3gico did\u00e1ctica en pos de la justicia educativa\u00bb <\/strong>&#x1f4bb;&#x1f4da;<\/p>\n\n\n\n<p>Con la importante participaci\u00f3n del <strong>Lic. Gabriel Scarano<\/strong> y la <strong>Dra. Graciela Cappelletti<\/strong> y el cierre magistral a cargo del <strong>Dr<\/strong>. <strong>Horacio Ferreyra,<\/strong> Ministro de Educaci\u00f3n de la Provincia de C\u00f3rdoba, \u00a1Una oportunidad \u00fanica para inspirarte y conectar con los mejores!<\/p>\n\n\n\n<p>Habr\u00e1 mesas de exposiciones sobre Proyectos STEAM+ realizados por estudiantes de nuestro Profesorado &#x1f64c;&#x1f3fb;<\/p>\n\n\n\n<p><strong>Arancel: $15.000<\/strong> &#8211; Transferencias a: CBU 0110378440037812196458 (Alias: COSTO.DANZA.BALANCE)<\/p>\n\n\n\n<p><\/p>\n\n\n\n<p><strong>Otorga puntaje docente &#8211; SDFP 00174 \/2024<\/strong><\/p>\n\n\n\n<p><strong>Formulario de inscripci\u00f3n<\/strong>: <a rel=\"noreferrer noopener\" href=\"https:\/\/forms.gle\/mH3ZvkBonYZqT8kj8\" data-type=\"URL\" data-id=\"https:\/\/forms.gle\/mH3ZvkBonYZqT8kj8\" target=\"_blank\">https:\/\/forms.gle\/mH3ZvkBonYZqT8kj8<\/a><\/p>\n\n\n\n<p class=\"has-text-align-center\">&#x1f3eb; <strong>Organiza: Instituto Superior de Formaci\u00f3n Docente Victoria Ocampo<\/strong><br>&#x1f3db;&#xfe0f; Auspicia: Municipalidad de Noetinger<\/p>\n\n\n\n<figure class=\"wp-block-image size-full\"><img decoding=\"async\" loading=\"lazy\" width=\"1080\" height=\"1080\" src=\"https:\/\/isfdvictoriaocampo-cba.infd.edu.ar\/sitio\/wp-content\/uploads\/2024\/06\/WhatsApp-Image-2024-06-27-at-09.58.02.jpeg\" alt=\"\" class=\"wp-image-1181\" srcset=\"https:\/\/isfdvictoriaocampo-cba.infd.edu.ar\/sitio\/wp-content\/uploads\/2024\/06\/WhatsApp-Image-2024-06-27-at-09.58.02.jpeg 1080w, https:\/\/isfdvictoriaocampo-cba.infd.edu.ar\/sitio\/wp-content\/uploads\/2024\/06\/WhatsApp-Image-2024-06-27-at-09.58.02-1000x1000.jpeg 1000w, https:\/\/isfdvictoriaocampo-cba.infd.edu.ar\/sitio\/wp-content\/uploads\/2024\/06\/WhatsApp-Image-2024-06-27-at-09.58.02-500x500.jpeg 500w, https:\/\/isfdvictoriaocampo-cba.infd.edu.ar\/sitio\/wp-content\/uploads\/2024\/06\/WhatsApp-Image-2024-06-27-at-09.58.02-768x768.jpeg 768w\" sizes=\"(max-width: 1080px) 100vw, 1080px\" \/><\/figure>\n\n\n\n<figure class=\"wp-block-gallery has-nested-images columns-default is-cropped wp-block-gallery-1 is-layout-flex\">\n<figure class=\"wp-block-image size-large\"><img decoding=\"async\" loading=\"lazy\" width=\"899\" height=\"1599\" data-id=\"1176\"  src=\"https:\/\/isfdvictoriaocampo-cba.infd.edu.ar\/sitio\/wp-content\/uploads\/2024\/06\/WhatsApp-Image-2024-05-15-at-16.37.28-1.jpeg\" alt=\"\" class=\"wp-image-1176\" srcset=\"https:\/\/isfdvictoriaocampo-cba.infd.edu.ar\/sitio\/wp-content\/uploads\/2024\/06\/WhatsApp-Image-2024-05-15-at-16.37.28-1.jpeg 899w, https:\/\/isfdvictoriaocampo-cba.infd.edu.ar\/sitio\/wp-content\/uploads\/2024\/06\/WhatsApp-Image-2024-05-15-at-16.37.28-1-562x1000.jpeg 562w, https:\/\/isfdvictoriaocampo-cba.infd.edu.ar\/sitio\/wp-content\/uploads\/2024\/06\/WhatsApp-Image-2024-05-15-at-16.37.28-1-768x1366.jpeg 768w, https:\/\/isfdvictoriaocampo-cba.infd.edu.ar\/sitio\/wp-content\/uploads\/2024\/06\/WhatsApp-Image-2024-05-15-at-16.37.28-1-864x1536.jpeg 864w\" sizes=\"(max-width: 899px) 100vw, 899px\" \/><\/figure>\n\n\n\n<figure class=\"wp-block-image size-large\"><img decoding=\"async\" loading=\"lazy\" width=\"899\" height=\"1599\" data-id=\"1175\"  src=\"https:\/\/isfdvictoriaocampo-cba.infd.edu.ar\/sitio\/wp-content\/uploads\/2024\/06\/WhatsApp-Image-2024-05-15-at-16.37.28-2.jpeg\" alt=\"\" class=\"wp-image-1175\" srcset=\"https:\/\/isfdvictoriaocampo-cba.infd.edu.ar\/sitio\/wp-content\/uploads\/2024\/06\/WhatsApp-Image-2024-05-15-at-16.37.28-2.jpeg 899w, https:\/\/isfdvictoriaocampo-cba.infd.edu.ar\/sitio\/wp-content\/uploads\/2024\/06\/WhatsApp-Image-2024-05-15-at-16.37.28-2-562x1000.jpeg 562w, https:\/\/isfdvictoriaocampo-cba.infd.edu.ar\/sitio\/wp-content\/uploads\/2024\/06\/WhatsApp-Image-2024-05-15-at-16.37.28-2-768x1366.jpeg 768w, https:\/\/isfdvictoriaocampo-cba.infd.edu.ar\/sitio\/wp-content\/uploads\/2024\/06\/WhatsApp-Image-2024-05-15-at-16.37.28-2-864x1536.jpeg 864w\" sizes=\"(max-width: 899px) 100vw, 899px\" \/><\/figure>\n\n\n\n<figure class=\"wp-block-image size-large\"><img decoding=\"async\" loading=\"lazy\" width=\"899\" height=\"1599\" data-id=\"1177\"  src=\"https:\/\/isfdvictoriaocampo-cba.infd.edu.ar\/sitio\/wp-content\/uploads\/2024\/06\/WhatsApp-Image-2024-05-15-at-16.37.28.jpeg\" alt=\"\" class=\"wp-image-1177\" srcset=\"https:\/\/isfdvictoriaocampo-cba.infd.edu.ar\/sitio\/wp-content\/uploads\/2024\/06\/WhatsApp-Image-2024-05-15-at-16.37.28.jpeg 899w, https:\/\/isfdvictoriaocampo-cba.infd.edu.ar\/sitio\/wp-content\/uploads\/2024\/06\/WhatsApp-Image-2024-05-15-at-16.37.28-562x1000.jpeg 562w, https:\/\/isfdvictoriaocampo-cba.infd.edu.ar\/sitio\/wp-content\/uploads\/2024\/06\/WhatsApp-Image-2024-05-15-at-16.37.28-768x1366.jpeg 768w, https:\/\/isfdvictoriaocampo-cba.infd.edu.ar\/sitio\/wp-content\/uploads\/2024\/06\/WhatsApp-Image-2024-05-15-at-16.37.28-864x1536.jpeg 864w\" sizes=\"(max-width: 899px) 100vw, 899px\" \/><\/figure>\n\n\n\n<figure class=\"wp-block-image size-large\"><img decoding=\"async\" loading=\"lazy\" width=\"1080\" height=\"1080\" data-id=\"1174\"  src=\"https:\/\/isfdvictoriaocampo-cba.infd.edu.ar\/sitio\/wp-content\/uploads\/2024\/06\/WhatsApp-Image-2024-06-11-at-19.24.11-1-1.jpeg\" alt=\"\" class=\"wp-image-1174\" srcset=\"https:\/\/isfdvictoriaocampo-cba.infd.edu.ar\/sitio\/wp-content\/uploads\/2024\/06\/WhatsApp-Image-2024-06-11-at-19.24.11-1-1.jpeg 1080w, https:\/\/isfdvictoriaocampo-cba.infd.edu.ar\/sitio\/wp-content\/uploads\/2024\/06\/WhatsApp-Image-2024-06-11-at-19.24.11-1-1-1000x1000.jpeg 1000w, https:\/\/isfdvictoriaocampo-cba.infd.edu.ar\/sitio\/wp-content\/uploads\/2024\/06\/WhatsApp-Image-2024-06-11-at-19.24.11-1-1-500x500.jpeg 500w, https:\/\/isfdvictoriaocampo-cba.infd.edu.ar\/sitio\/wp-content\/uploads\/2024\/06\/WhatsApp-Image-2024-06-11-at-19.24.11-1-1-768x768.jpeg 768w\" sizes=\"(max-width: 1080px) 100vw, 1080px\" \/><\/figure>\n<\/figure>\n","protected":false},"excerpt":{"rendered":"<p>1er CONGRESO EDUCATIVO \u00abINCLUSI\u00d3N Y TECNOLOG\u00cdA: una decisi\u00f3n pedag\u00f3gico did\u00e1ctica en pos de la justicia educativa\u00bb &#x1f4bb;&#x1f4da; Con la importante participaci\u00f3n del Lic. Gabriel Scarano y la Dra. Graciela Cappelletti y el cierre magistral a cargo del Dr. Horacio Ferreyra, Ministro de Educaci\u00f3n de la Provincia de C\u00f3rdoba, \u00a1Una oportunidad \u00fanica para inspirarte y conectar &#8230; <a title=\"1er CONGRESO DE EDUCACI\u00d3N &#8211; 2024\" class=\"read-more\" href=\"https:\/\/isfdvictoriaocampo-cba.infd.edu.ar\/sitio\/1er-congreso-de-educacion\/\" aria-label=\"More on 1er CONGRESO DE EDUCACI\u00d3N &#8211; 2024\">[+]<\/a><\/p>\n","protected":false},"author":189,"featured_media":0,"parent":0,"menu_order":0,"comment_status":"closed","ping_status":"closed","template":"","meta":[],"acf":[],"_links":{"self":[{"href":"https:\/\/isfdvictoriaocampo-cba.infd.edu.ar\/sitio\/wp-json\/wp\/v2\/pages\/1166"}],"collection":[{"href":"https:\/\/isfdvictoriaocampo-cba.infd.edu.ar\/sitio\/wp-json\/wp\/v2\/pages"}],"about":[{"href":"https:\/\/isfdvictoriaocampo-cba.infd.edu.ar\/sitio\/wp-json\/wp\/v2\/types\/page"}],"author":[{"embeddable":true,"href":"https:\/\/isfdvictoriaocampo-cba.infd.edu.ar\/sitio\/wp-json\/wp\/v2\/users\/189"}],"replies":[{"embeddable":true,"href":"https:\/\/isfdvictoriaocampo-cba.infd.edu.ar\/sitio\/wp-json\/wp\/v2\/comments?post=1166"}],"version-history":[{"count":7,"href":"https:\/\/isfdvictoriaocampo-cba.infd.edu.ar\/sitio\/wp-json\/wp\/v2\/pages\/1166\/revisions"}],"predecessor-version":[{"id":1186,"href":"https:\/\/isfdvictoriaocampo-cba.infd.edu.ar\/sitio\/wp-json\/wp\/v2\/pages\/1166\/revisions\/1186"}],"wp:attachment":[{"href":"https:\/\/isfdvictoriaocampo-cba.infd.edu.ar\/sitio\/wp-json\/wp\/v2\/media?parent=1166"}],"curies":[{"name":"wp","href":"https:\/\/api.w.org\/{rel}","templated":true}]}}