{"id":286,"date":"2016-10-31T13:17:59","date_gmt":"2016-10-31T16:17:59","guid":{"rendered":"https:\/\/isfdvictoriaocampo-cba.infd.edu.ar\/sitio\/?page_id=286"},"modified":"2026-02-10T10:20:39","modified_gmt":"2026-02-10T13:20:39","slug":"inicio","status":"publish","type":"page","link":"https:\/\/isfdvictoriaocampo-cba.infd.edu.ar\/sitio\/","title":{"rendered":"Profesorado \u00abVictoria Ocampo\u00bb"},"content":{"rendered":"\n<p>EL Instituto Privado Adscripto <strong>Profesorado De Nivel Elemental \u201cVictoria Ocampo\u201d<\/strong> se halla situado en la zona urbana, entre las calles Maestro Garc\u00eda y H\u00e9roes de Malvinas de Noetinger, Departamento Uni\u00f3n, bajo la responsabilidad de las Asociaci\u00f3n Civil \u00abInstituto Secundario Noetinger\u00bb, y se imparten las Carreras: <strong>Profesorado de Educaci\u00f3n Primaria y Profesorado de Educaci\u00f3n Tecnol\u00f3gica, que otorga t\u00edtulos de validez oficial y nacional.<\/strong><\/p>\n\n\n\n<p>Dada la ubicaci\u00f3n geogr\u00e1fica de Noetinger y las actuales condiciones socio- econ\u00f3micas de la regi\u00f3n y del pa\u00eds, muchos j\u00f3venes deciden continuar sus estudios, para forjarse un futuro que les permita insertarse con mayor facilidad en el \u00e1mbito de docencia como posible salida laboral. Siendo la \u00fanica instituci\u00f3n en la zona que ofrece este tipo de orientaci\u00f3n, sobre la ruta provincial N\u00ba 2 (dos) que va desde la ciudad santafesina de Las Rosas hasta Villa Mar\u00eda \u2013 C\u00f3rdoba, recordamos que Noetinger es la localidad con mayor n\u00famero de habitantes sobre la misma. Los establecimientos m\u00e1s cercanos sobre la ruta provincial N\u00b09, con este tipo de ofertas son la ciudad de Marcos Ju\u00e1rez a 40 Km. y la ciudad de Bell Ville a 60 Km., pero no hay medios frecuentes de transportes, lo cual dificulta el traslado de los interesados para asistir a clases diarias en instituciones de nivel superior.<\/p>\n\n\n<p style=\"text-align: center;\">\n<\/p><div>\n<div><img decoding=\"async\" title=\"\" src=\"https:\/\/isfdvictoriaocampo-cba.infd.edu.ar\/sitio\/wp-content\/uploads\/2018\/08\/linea2.png\" alt=\"\" border=\"0\"><\/div>\n<div style=\"text-align: center;\"><span style=\"font-size: 14pt; color: #0000ff;\"><strong>Esta Instituci\u00f3n es sede de la:<\/strong><\/span><\/div>\n<div style=\"text-align: center;\"><span style=\"font-size: 14pt; color: #0000ff;\"><strong><a href=\"https:\/\/ccrticspiyce.blogspot.com.ar\/\"><img decoding=\"async\" loading=\"lazy\" title=\"\" src=\"https:\/\/isfdvictoriaocampo-cba.infd.edu.ar\/sitio\/wp-content\/uploads\/2018\/08\/Imagen1.png\" alt=\"\" width=\"215\" height=\"100\" border=\"0\"><\/a><\/strong><\/span><\/div>\n<\/div>\n\n\n<p class=\"has-drop-cap has-vivid-cyan-blue-color has-text-color\"><\/p>\n","protected":false},"excerpt":{"rendered":"<p>EL Instituto Privado Adscripto Profesorado De Nivel Elemental \u201cVictoria Ocampo\u201d se halla situado en la zona urbana, entre las calles Maestro Garc\u00eda y H\u00e9roes de Malvinas de Noetinger, Departamento Uni\u00f3n, bajo la responsabilidad de las Asociaci\u00f3n Civil \u00abInstituto Secundario Noetinger\u00bb, y se imparten las Carreras: Profesorado de Educaci\u00f3n Primaria y Profesorado de Educaci\u00f3n Tecnol\u00f3gica, que &#8230; <a title=\"Profesorado \u00abVictoria Ocampo\u00bb\" class=\"read-more\" href=\"https:\/\/isfdvictoriaocampo-cba.infd.edu.ar\/sitio\/\" aria-label=\"More on Profesorado \u00abVictoria Ocampo\u00bb\">[+]<\/a><\/p>\n","protected":false},"author":1,"featured_media":0,"parent":0,"menu_order":0,"comment_status":"closed","ping_status":"closed","template":"","meta":[],"acf":[],"_links":{"self":[{"href":"https:\/\/isfdvictoriaocampo-cba.infd.edu.ar\/sitio\/wp-json\/wp\/v2\/pages\/286"}],"collection":[{"href":"https:\/\/isfdvictoriaocampo-cba.infd.edu.ar\/sitio\/wp-json\/wp\/v2\/pages"}],"about":[{"href":"https:\/\/isfdvictoriaocampo-cba.infd.edu.ar\/sitio\/wp-json\/wp\/v2\/types\/page"}],"author":[{"embeddable":true,"href":"https:\/\/isfdvictoriaocampo-cba.infd.edu.ar\/sitio\/wp-json\/wp\/v2\/users\/1"}],"replies":[{"embeddable":true,"href":"https:\/\/isfdvictoriaocampo-cba.infd.edu.ar\/sitio\/wp-json\/wp\/v2\/comments?post=286"}],"version-history":[{"count":85,"href":"https:\/\/isfdvictoriaocampo-cba.infd.edu.ar\/sitio\/wp-json\/wp\/v2\/pages\/286\/revisions"}],"predecessor-version":[{"id":1129,"href":"https:\/\/isfdvictoriaocampo-cba.infd.edu.ar\/sitio\/wp-json\/wp\/v2\/pages\/286\/revisions\/1129"}],"wp:attachment":[{"href":"https:\/\/isfdvictoriaocampo-cba.infd.edu.ar\/sitio\/wp-json\/wp\/v2\/media?parent=286"}],"curies":[{"name":"wp","href":"https:\/\/api.w.org\/{rel}","templated":true}]}}