{"id":767,"date":"2018-08-30T13:55:01","date_gmt":"2018-08-30T16:55:01","guid":{"rendered":"https:\/\/isfdvictoriaocampo-cba.infd.edu.ar\/sitio\/el-instituto\/"},"modified":"2022-03-02T12:02:01","modified_gmt":"2022-03-02T15:02:01","slug":"el-instituto","status":"publish","type":"page","link":"https:\/\/isfdvictoriaocampo-cba.infd.edu.ar\/sitio\/el-instituto\/","title":{"rendered":"El Instituto"},"content":{"rendered":"<p><span style=\"font-family: tahoma, arial, helvetica, sans-serif; font-size: 10pt;\">EL Instituto Privado Adscripto <strong>Profesorado De Nivel Elemental \u201cVictoria Ocampo\u201d<\/strong> se halla situado en la zona urbana, entre las calles Maestro Garc\u00eda y H\u00e9roes de Malvinas de Noetinger, Departamento Uni\u00f3n, bajo la responsabilidad civil del Instituto Secundario Noetinger, y se imparten las Carreras: Profesorado de Educaci\u00f3n Primaria y Profesorado de Educaci\u00f3n Inicial, que otorga t\u00edtulos de validez oficial y nacional. <\/span><\/p>\n<p><span style=\"font-family: tahoma, arial, helvetica, sans-serif; font-size: 10pt;\">Dada la ubicaci\u00f3n geogr\u00e1fica de Noetinger y las actuales condiciones socio- econ\u00f3micas de la regi\u00f3n y del pa\u00eds, muchos j\u00f3venes deciden continuar sus estudios, para forjarse un futuro que les permita insertarse con mayor facilidad en el \u00e1mbito de docencia como posible salida laboral. Siendo la \u00fanica instituci\u00f3n en la zona que ofrece este tipo de orientaci\u00f3n, sobre la ruta provincial N\u00ba 2 (dos) que va desde la ciudad santafesina de Las Rosas hasta Villa Mar\u00eda \u2013 C\u00f3rdoba, recordamos que Noetinger es la localidad con mayor n\u00famero de habitantes sobre la misma. Los establecimientos m\u00e1s cercanos sobre la ruta provincial N\u00b09, con este tipo de ofertas son la ciudad de Marcos Ju\u00e1rez a 40 Km. y la ciudad de Bell Ville a 60 Km., pero no hay medios frecuentes de transportes, lo cual dificulta el traslado de los interesados para asistir a clases diarias en instituciones de nivel superior.<\/span><\/p>\n","protected":false},"excerpt":{"rendered":"<p>EL Instituto Privado Adscripto Profesorado De Nivel Elemental \u201cVictoria Ocampo\u201d se halla situado en la zona urbana, entre las calles Maestro Garc\u00eda y H\u00e9roes de Malvinas de Noetinger, Departamento Uni\u00f3n, bajo la responsabilidad civil del Instituto Secundario Noetinger, y se imparten las Carreras: Profesorado de Educaci\u00f3n Primaria y Profesorado de Educaci\u00f3n Inicial, que otorga t\u00edtulos &#8230; <a title=\"El Instituto\" class=\"read-more\" href=\"https:\/\/isfdvictoriaocampo-cba.infd.edu.ar\/sitio\/el-instituto\/\" aria-label=\"More on El Instituto\">[+]<\/a><\/p>\n","protected":false},"author":191,"featured_media":0,"parent":0,"menu_order":0,"comment_status":"closed","ping_status":"closed","template":"","meta":[],"acf":[],"_links":{"self":[{"href":"https:\/\/isfdvictoriaocampo-cba.infd.edu.ar\/sitio\/wp-json\/wp\/v2\/pages\/767"}],"collection":[{"href":"https:\/\/isfdvictoriaocampo-cba.infd.edu.ar\/sitio\/wp-json\/wp\/v2\/pages"}],"about":[{"href":"https:\/\/isfdvictoriaocampo-cba.infd.edu.ar\/sitio\/wp-json\/wp\/v2\/types\/page"}],"author":[{"embeddable":true,"href":"https:\/\/isfdvictoriaocampo-cba.infd.edu.ar\/sitio\/wp-json\/wp\/v2\/users\/191"}],"replies":[{"embeddable":true,"href":"https:\/\/isfdvictoriaocampo-cba.infd.edu.ar\/sitio\/wp-json\/wp\/v2\/comments?post=767"}],"version-history":[{"count":1,"href":"https:\/\/isfdvictoriaocampo-cba.infd.edu.ar\/sitio\/wp-json\/wp\/v2\/pages\/767\/revisions"}],"predecessor-version":[{"id":902,"href":"https:\/\/isfdvictoriaocampo-cba.infd.edu.ar\/sitio\/wp-json\/wp\/v2\/pages\/767\/revisions\/902"}],"wp:attachment":[{"href":"https:\/\/isfdvictoriaocampo-cba.infd.edu.ar\/sitio\/wp-json\/wp\/v2\/media?parent=767"}],"curies":[{"name":"wp","href":"https:\/\/api.w.org\/{rel}","templated":true}]}}