{"id":794,"date":"2018-08-30T13:55:08","date_gmt":"2018-08-30T16:55:08","guid":{"rendered":"https:\/\/isfdvictoriaocampo-cba.infd.edu.ar\/sitio\/datos-institucionales\/"},"modified":"2025-02-17T10:49:16","modified_gmt":"2025-02-17T13:49:16","slug":"datos-institucionales","status":"publish","type":"page","link":"https:\/\/isfdvictoriaocampo-cba.infd.edu.ar\/sitio\/datos-institucionales\/","title":{"rendered":"Datos institucionales"},"content":{"rendered":"<h6 style=\"text-align: center;\"><strong>Nombre completo:<span style=\"font-family: verdana; font-size: small;\">\u00a0<\/span><span style=\"font-family: verdana; font-size: small;\">Instituto Privado Adscripto Profesorado De Nivel Elemental \u201cVictoria <span style=\"font-size: 10pt;\">Ocampo\u201d<\/span>\u00a0<\/span><\/strong><\/h6>\n<h6 style=\"text-align: center;\"><strong><span style=\"font-family: verdana; font-size: small;\">Horarios de atenci\u00f3n: 17:45h a 23:10h<\/span><\/strong><\/h6>\n<h6 style=\"text-align: center;\"><strong><span style=\"font-family: verdana; font-size: small;\">Direcci\u00f3n: H\u00e9roes de Malvinas y Maestro Garc\u00eda<\/span><\/strong><\/h6>\n<h6 style=\"text-align: center;\"><strong><span style=\"font-family: verdana; font-size: small;\">Tel\u00e9fonos: 03472 &#8211; 470083 \/ 471064<\/span><\/strong><\/h6>\n<h5 style=\"text-align: center;\"><strong>WhatsApp: 03472 &#8211; 15465565 \/ 15447923<\/strong><\/h5>\n<h6 style=\"text-align: center;\"><strong><span style=\"font-family: verdana; font-size: small;\">E-mail de consultas: ifdvictoria_ocampo@yahoo.com.ar<\/span><\/strong><\/h6>\n<h6 style=\"text-align: center;\"><strong><span style=\"font-family: verdana; font-size: small;\">URL:\u00a0http:\/\/isfdvictoriaocampo.cba.infd.edu.ar\/sitio<\/span><\/strong><\/h6>\n","protected":false},"excerpt":{"rendered":"<p>Nombre completo:\u00a0Instituto Privado Adscripto Profesorado De Nivel Elemental \u201cVictoria Ocampo\u201d\u00a0 Horarios de atenci\u00f3n: 17:45h a 23:10h Direcci\u00f3n: H\u00e9roes de Malvinas y Maestro Garc\u00eda Tel\u00e9fonos: 03472 &#8211; 470083 \/ 471064 WhatsApp: 03472 &#8211; 15465565 \/ 15447923 E-mail de consultas: ifdvictoria_ocampo@yahoo.com.ar URL:\u00a0http:\/\/isfdvictoriaocampo.cba.infd.edu.ar\/sitio<\/p>\n","protected":false},"author":191,"featured_media":0,"parent":0,"menu_order":0,"comment_status":"closed","ping_status":"closed","template":"","meta":[],"acf":[],"_links":{"self":[{"href":"https:\/\/isfdvictoriaocampo-cba.infd.edu.ar\/sitio\/wp-json\/wp\/v2\/pages\/794"}],"collection":[{"href":"https:\/\/isfdvictoriaocampo-cba.infd.edu.ar\/sitio\/wp-json\/wp\/v2\/pages"}],"about":[{"href":"https:\/\/isfdvictoriaocampo-cba.infd.edu.ar\/sitio\/wp-json\/wp\/v2\/types\/page"}],"author":[{"embeddable":true,"href":"https:\/\/isfdvictoriaocampo-cba.infd.edu.ar\/sitio\/wp-json\/wp\/v2\/users\/191"}],"replies":[{"embeddable":true,"href":"https:\/\/isfdvictoriaocampo-cba.infd.edu.ar\/sitio\/wp-json\/wp\/v2\/comments?post=794"}],"version-history":[{"count":5,"href":"https:\/\/isfdvictoriaocampo-cba.infd.edu.ar\/sitio\/wp-json\/wp\/v2\/pages\/794\/revisions"}],"predecessor-version":[{"id":1190,"href":"https:\/\/isfdvictoriaocampo-cba.infd.edu.ar\/sitio\/wp-json\/wp\/v2\/pages\/794\/revisions\/1190"}],"wp:attachment":[{"href":"https:\/\/isfdvictoriaocampo-cba.infd.edu.ar\/sitio\/wp-json\/wp\/v2\/media?parent=794"}],"curies":[{"name":"wp","href":"https:\/\/api.w.org\/{rel}","templated":true}]}}