{"id":796,"date":"2018-08-30T13:55:09","date_gmt":"2018-08-30T16:55:09","guid":{"rendered":"https:\/\/isfdvictoriaocampo-cba.infd.edu.ar\/sitio\/docentes-2\/"},"modified":"2026-02-06T11:47:10","modified_gmt":"2026-02-06T14:47:10","slug":"docentes-2","status":"publish","type":"page","link":"https:\/\/isfdvictoriaocampo-cba.infd.edu.ar\/sitio\/docentes-2\/","title":{"rendered":"Docentes"},"content":{"rendered":"\n<figure class=\"wp-block-table\"><table><tbody><tr><td>&nbsp;ALEL, PABLO<\/td><td><\/td><\/tr><tr><td>BECCAR\u00cdA, TERESITA<\/td><td><\/td><\/tr><tr><td>BERTAYNA, SILVANA<\/td><td><\/td><\/tr><tr><td>BRUNO, MARILINA<\/td><td>&nbsp;<\/td><\/tr><tr><td>CALVA, CARLOS<\/td><td>&nbsp;<\/td><\/tr><tr><td>CANCIANI, LUC\u00cdA<\/td><td>&nbsp;<\/td><\/tr><tr><td>CASTAGNO, IV\u00d3N<\/td><td>&nbsp;<\/td><\/tr><tr><td>CONCETTI, ALEJANDRO<\/td><td>&nbsp;<\/td><\/tr><tr><td>QUINTEROS. LUISINA<\/td><td>&nbsp;<\/td><\/tr><tr><td>FIDEL\u00c1NGELI, EDUARDO<\/td><td>&nbsp;<\/td><\/tr><tr><td>GARELLI, ALDANA<\/td><td>&nbsp; &nbsp;<\/td><\/tr><tr><td>GARETTO, VICTORIA<\/td><td>&nbsp;<\/td><\/tr><tr><td>GU\u00cdA, JULIANA<\/td><td>&nbsp;<\/td><\/tr><tr><td>HENZE, CARINA<\/td><td>&nbsp;<\/td><\/tr><tr><td>HEREDIA ROMINA<\/td><td>&nbsp;<\/td><\/tr><tr><td>KISLUK, JUAN MANUEL<\/td><td>&nbsp;<\/td><\/tr><tr><td>LAVALL\u00c9N, MARICRUZ<\/td><td>&nbsp;<\/td><\/tr><tr><td>LERDA, DANIELA<\/td><td>&nbsp;<\/td><\/tr><tr><td>LIENDO, EVA<\/td><td>&nbsp;<\/td><\/tr><tr><td>MAGALL\u00c1N, GABRIELA<\/td><td>&nbsp;<\/td><\/tr><tr><td>MANERO, BEL\u00c9N<\/td><td>&nbsp;<\/td><\/tr><tr><td>PRATTI, GUADALUPE<\/td><td>&nbsp;<\/td><\/tr><tr><td>POCHETTINO, VALENTINA<\/td><td>&nbsp;<\/td><\/tr><tr><td>ROSANO, JOS\u00c9 CARLOS<\/td><td>&nbsp;<\/td><\/tr><tr><td>SA\u00c9Z, LORENA<\/td><td>&nbsp;<\/td><\/tr><tr><td>SORIA, JULI\u00c1N<\/td><td>&nbsp;<\/td><\/tr><tr><td>VILLARROEL, ANDREA<\/td><td>&nbsp;<\/td><\/tr><\/tbody><\/table><\/figure>\n","protected":false},"excerpt":{"rendered":"<p>&nbsp;ALEL, PABLO BECCAR\u00cdA, TERESITA BERTAYNA, SILVANA BRUNO, MARILINA &nbsp; CALVA, CARLOS &nbsp; CANCIANI, LUC\u00cdA &nbsp; CASTAGNO, IV\u00d3N &nbsp; CONCETTI, ALEJANDRO &nbsp; QUINTEROS. LUISINA &nbsp; FIDEL\u00c1NGELI, EDUARDO &nbsp; GARELLI, ALDANA &nbsp; &nbsp; GARETTO, VICTORIA &nbsp; GU\u00cdA, JULIANA &nbsp; HENZE, CARINA &nbsp; HEREDIA ROMINA &nbsp; KISLUK, JUAN MANUEL &nbsp; LAVALL\u00c9N, MARICRUZ &nbsp; LERDA, DANIELA &nbsp; LIENDO, EVA &#8230; <a title=\"Docentes\" class=\"read-more\" href=\"https:\/\/isfdvictoriaocampo-cba.infd.edu.ar\/sitio\/docentes-2\/\" aria-label=\"More on Docentes\">[+]<\/a><\/p>\n","protected":false},"author":191,"featured_media":0,"parent":0,"menu_order":0,"comment_status":"closed","ping_status":"closed","template":"","meta":[],"acf":[],"_links":{"self":[{"href":"https:\/\/isfdvictoriaocampo-cba.infd.edu.ar\/sitio\/wp-json\/wp\/v2\/pages\/796"}],"collection":[{"href":"https:\/\/isfdvictoriaocampo-cba.infd.edu.ar\/sitio\/wp-json\/wp\/v2\/pages"}],"about":[{"href":"https:\/\/isfdvictoriaocampo-cba.infd.edu.ar\/sitio\/wp-json\/wp\/v2\/types\/page"}],"author":[{"embeddable":true,"href":"https:\/\/isfdvictoriaocampo-cba.infd.edu.ar\/sitio\/wp-json\/wp\/v2\/users\/191"}],"replies":[{"embeddable":true,"href":"https:\/\/isfdvictoriaocampo-cba.infd.edu.ar\/sitio\/wp-json\/wp\/v2\/comments?post=796"}],"version-history":[{"count":12,"href":"https:\/\/isfdvictoriaocampo-cba.infd.edu.ar\/sitio\/wp-json\/wp\/v2\/pages\/796\/revisions"}],"predecessor-version":[{"id":1215,"href":"https:\/\/isfdvictoriaocampo-cba.infd.edu.ar\/sitio\/wp-json\/wp\/v2\/pages\/796\/revisions\/1215"}],"wp:attachment":[{"href":"https:\/\/isfdvictoriaocampo-cba.infd.edu.ar\/sitio\/wp-json\/wp\/v2\/media?parent=796"}],"curies":[{"name":"wp","href":"https:\/\/api.w.org\/{rel}","templated":true}]}}