{"id":798,"date":"2018-08-30T13:55:09","date_gmt":"2018-08-30T16:55:09","guid":{"rendered":"https:\/\/isfdvictoriaocampo-cba.infd.edu.ar\/sitio\/plan-de-estudios\/"},"modified":"2025-04-14T10:35:04","modified_gmt":"2025-04-14T13:35:04","slug":"plan-de-estudios","status":"publish","type":"page","link":"https:\/\/isfdvictoriaocampo-cba.infd.edu.ar\/sitio\/plan-de-estudios\/","title":{"rendered":"PROFESORADO DE EDUCACI\u00d3N PRIMARIA"},"content":{"rendered":"\n<p><strong>UNIDAD DE DEFINICI\u00d3N INSTITUCIONAL:&nbsp; EDUCACI\u00d3N RURAL<\/strong><\/p>\n\n\n<h4><strong>FINALIDADES Y PERFIL DE LA FORMACI\u00d3N DOCENTE DE LOS PROFESORES\/AS DE EDUCACI\u00d3N PRIMARIA <\/strong><\/h4>\n<p style=\"text-align: left;\">El Profesorado de Educaci\u00f3n Primaria te prepara para ser docente de grado de ni\u00f1os o adultos en instituciones educativas de gesti\u00f3n p\u00fablica o privada, escuelas rurales, urbanas o centros de alfabetizaci\u00f3n.<br>Como profesional de la Educaci\u00f3n Primaria vas a saber dise\u00f1ar, planificar y evaluar los procesos de ense\u00f1anza y aprendizaje de manera activa y creativa.<br>La docencia es una profesi\u00f3n y un trabajo cuya especificidad se centra en los procesos de transmisi\u00f3n y producci\u00f3n de conocimientos en torno a la ense\u00f1anza tendiente al desarrollo integral de los sujetos con los que se interact\u00faa. La ense\u00f1anza se define como una acci\u00f3n compleja que se despliega en la toma de decisiones acerca de qu\u00e9 ense\u00f1ar, c\u00f3mo ense\u00f1ar, para qu\u00e9 ense\u00f1ar, y que requiere de la reflexi\u00f3n y comprensi\u00f3n de las m\u00faltiples dimensiones socio-pol\u00edticas, hist\u00f3rico-culturales, pedag\u00f3gicas, metodol\u00f3gicas y disciplinares, para el desarrollo de pr\u00e1cticas educativas transformadoras del propio sujeto, del otro y del contexto en que se act\u00faa.<\/p>\n<p>PROFESORADO DE EDUCACI\u00d3N PRIMARIA: forma docentes para desempe\u00f1arse en el nivel primario. Es una carrera de 4 a\u00f1os de duraci\u00f3n y su formaci\u00f3n incluye:<\/p>\n<p>&#x1f4da; El conocimiento del sistema educativo, la escuela, la ense\u00f1anza y el trabajo docente en el contexto hist\u00f3rico y social actual.<\/p>\n<p>&#x1f4da; El conocimiento de las caracter\u00edsticas y necesidades de las y los alumnos del Nivel Primario.<\/p>\n<p>&#x1f4da; El conocimiento de las \u00e1reas que se ense\u00f1an en el Nivel Primario y de los enfoques y estrategias de ense\u00f1anza para cada una.<\/p>\n<p>&#x1f4da; Espacios de pr\u00e1ctica profesional para conocer las instituciones educativas, observar y aprender de docentes experimentados y, progresivamente, planificar, llevar a cabo y evaluar propuestas de ense\u00f1anza en las escuelas.<\/p>\n<p><\/p>\n\n\n<\/p>\n<p><strong>Caracter\u00edsticas<\/strong><\/p>\n<p>\n\n\n\n<\/p>\n<p>\u00a04 a\u00f1os de duraci\u00f3n.<br \/>\u00a0Modalidad presencial.<br \/>\u00a0Validez nacional.<\/p>\n<p>\n\n\n<p><\/p>\n<h6><img decoding=\"async\" loading=\"lazy\" class=\"size-full wp-image-714 alignleft\" src=\"https:\/\/isfdvictoriaocampo-cba.infd.edu.ar\/sitio\/wp-content\/uploads\/2018\/08\/estructura-curricular-1_an_o.jpg\" alt=\"\" width=\"638\" height=\"903\"> <img decoding=\"async\" loading=\"lazy\" class=\"size-full wp-image-717 aligncenter\" src=\"https:\/\/isfdvictoriaocampo-cba.infd.edu.ar\/sitio\/wp-content\/uploads\/2018\/08\/estructura-curricular_-_2.jpg\" alt=\"\" width=\"638\" height=\"903\"> <img decoding=\"async\" loading=\"lazy\" class=\"size-full wp-image-716 aligncenter\" src=\"https:\/\/isfdvictoriaocampo-cba.infd.edu.ar\/sitio\/wp-content\/uploads\/2018\/08\/estructura-curricular-_3.jpg\" alt=\"\" width=\"638\" height=\"903\"> <img decoding=\"async\" loading=\"lazy\" class=\"size-full wp-image-715 aligncenter\" src=\"https:\/\/isfdvictoriaocampo-cba.infd.edu.ar\/sitio\/wp-content\/uploads\/2018\/08\/estructura-curricular-4.jpg\" alt=\"\" width=\"638\" height=\"903\"><\/h6>\n<p><\/p>\n\n\n<p><\/p>\n\n\n\n<figure class=\"wp-block-image size-full\"><img decoding=\"async\" loading=\"lazy\" width=\"1600\" height=\"1200\" src=\"https:\/\/isfdvictoriaocampo-cba.infd.edu.ar\/sitio\/wp-content\/uploads\/2025\/04\/WhatsApp-Image-2025-04-14-at-10.23.00-edited.jpeg\" alt=\"\" class=\"wp-image-1201\" srcset=\"https:\/\/isfdvictoriaocampo-cba.infd.edu.ar\/sitio\/wp-content\/uploads\/2025\/04\/WhatsApp-Image-2025-04-14-at-10.23.00-edited.jpeg 1600w, https:\/\/isfdvictoriaocampo-cba.infd.edu.ar\/sitio\/wp-content\/uploads\/2025\/04\/WhatsApp-Image-2025-04-14-at-10.23.00-edited-1000x750.jpeg 1000w, https:\/\/isfdvictoriaocampo-cba.infd.edu.ar\/sitio\/wp-content\/uploads\/2025\/04\/WhatsApp-Image-2025-04-14-at-10.23.00-edited-768x576.jpeg 768w, https:\/\/isfdvictoriaocampo-cba.infd.edu.ar\/sitio\/wp-content\/uploads\/2025\/04\/WhatsApp-Image-2025-04-14-at-10.23.00-edited-1536x1152.jpeg 1536w\" sizes=\"(max-width: 1600px) 100vw, 1600px\" \/><\/figure>\n","protected":false},"excerpt":{"rendered":"<p>UNIDAD DE DEFINICI\u00d3N INSTITUCIONAL:&nbsp; EDUCACI\u00d3N RURAL FINALIDADES Y PERFIL DE LA FORMACI\u00d3N DOCENTE DE LOS PROFESORES\/AS DE EDUCACI\u00d3N PRIMARIA El Profesorado de Educaci\u00f3n Primaria te prepara para ser docente de grado de ni\u00f1os o adultos en instituciones educativas de gesti\u00f3n p\u00fablica o privada, escuelas rurales, urbanas o centros de alfabetizaci\u00f3n.Como profesional de la Educaci\u00f3n Primaria &#8230; <a title=\"PROFESORADO DE EDUCACI\u00d3N PRIMARIA\" class=\"read-more\" href=\"https:\/\/isfdvictoriaocampo-cba.infd.edu.ar\/sitio\/plan-de-estudios\/\" aria-label=\"More on PROFESORADO DE EDUCACI\u00d3N PRIMARIA\">[+]<\/a><\/p>\n","protected":false},"author":191,"featured_media":0,"parent":0,"menu_order":0,"comment_status":"closed","ping_status":"closed","template":"","meta":[],"acf":[],"_links":{"self":[{"href":"https:\/\/isfdvictoriaocampo-cba.infd.edu.ar\/sitio\/wp-json\/wp\/v2\/pages\/798"}],"collection":[{"href":"https:\/\/isfdvictoriaocampo-cba.infd.edu.ar\/sitio\/wp-json\/wp\/v2\/pages"}],"about":[{"href":"https:\/\/isfdvictoriaocampo-cba.infd.edu.ar\/sitio\/wp-json\/wp\/v2\/types\/page"}],"author":[{"embeddable":true,"href":"https:\/\/isfdvictoriaocampo-cba.infd.edu.ar\/sitio\/wp-json\/wp\/v2\/users\/191"}],"replies":[{"embeddable":true,"href":"https:\/\/isfdvictoriaocampo-cba.infd.edu.ar\/sitio\/wp-json\/wp\/v2\/comments?post=798"}],"version-history":[{"count":13,"href":"https:\/\/isfdvictoriaocampo-cba.infd.edu.ar\/sitio\/wp-json\/wp\/v2\/pages\/798\/revisions"}],"predecessor-version":[{"id":1202,"href":"https:\/\/isfdvictoriaocampo-cba.infd.edu.ar\/sitio\/wp-json\/wp\/v2\/pages\/798\/revisions\/1202"}],"wp:attachment":[{"href":"https:\/\/isfdvictoriaocampo-cba.infd.edu.ar\/sitio\/wp-json\/wp\/v2\/media?parent=798"}],"curies":[{"name":"wp","href":"https:\/\/api.w.org\/{rel}","templated":true}]}}