{"id":800,"date":"2018-08-30T13:55:10","date_gmt":"2018-08-30T16:55:10","guid":{"rendered":"https:\/\/isfdvictoriaocampo-cba.infd.edu.ar\/sitio\/requisitos-de-inscripcion\/"},"modified":"2026-02-13T09:33:26","modified_gmt":"2026-02-13T12:33:26","slug":"requisitos-de-inscripcion","status":"publish","type":"page","link":"https:\/\/isfdvictoriaocampo-cba.infd.edu.ar\/sitio\/requisitos-de-inscripcion\/","title":{"rendered":"Requisitos de Inscripci\u00f3n"},"content":{"rendered":"<p><span style=\"font-family: verdana, geneva;\"><strong>REQUISITOS ACAD\u00c9MICOS<\/strong><\/span><\/p>\n<p><span style=\"font-family: verdana, geneva;\">Durante la trayectoria formativa, cada estudiante deber\u00e1:<\/span><\/p>\n<ul>\n<li><span style=\"font-family: verdana, geneva;\">Matricularse en la instituci\u00f3n;<\/span><\/li>\n<li><span style=\"font-family: verdana, geneva;\">Inscribirse en las UC y\/o EC que desee cursar, siendo su responsabilidad respetar el r\u00e9gimen de correlatividades vigente.<\/span><\/li>\n<li><span style=\"font-family: verdana, geneva;\">Conocer en profundidad el Plan de Estudios de la Carrera de Educaci\u00f3n Superior que ha elegido, \u00a0las UC y\/o EC que est\u00e1n comprendidas en dicho Plan, los horarios, las formas de evaluaci\u00f3n, las modalidades de cursado y toda informaci\u00f3n pertinente.<\/span><\/li>\n<li><span style=\"font-family: verdana, geneva;\">Comprometerse en un proceso participativo de construcci\u00f3n del conocimiento significativo, cient\u00edfico y profesional, propio del Nivel Superior.<\/span><\/li>\n<\/ul>\n<p><span style=\"font-family: verdana, geneva;\">\u00a0<\/span><\/p>\n<p><span style=\"font-family: verdana, geneva;\"><strong>REQUISITOS DE INSCRIPCI\u00d3N<\/strong><\/span><\/p>\n<ul>\n<li><span style=\"font-family: verdana, geneva;\"><strong>Certificado de Nivel Secundario<\/strong> legalizado (<\/span>presentaci\u00f3n de documentaci\u00f3n condicional hasta <strong>septiembre)<\/strong><\/li>\n<li><strong><span style=\"font-family: verdana, geneva;\">Fotocopia del DNI<\/span><\/strong><\/li>\n<li><strong><span style=\"font-family: verdana, geneva;\">Dos fotos 4&#215;4 <\/span><\/strong><\/li>\n<li><strong>Ficha m\u00e9dica<\/strong> completa, realizada por instituciones p\u00fablicas o privadas, que se deber\u00e1 presentar hasta abril y renovarse todos los a\u00f1os. (<a href=\"https:\/\/drive.google.com\/file\/d\/12N4rIRrDfJRFvDbh1mpFPBrq3hBxtz9J\/view?usp=sharing\">Descargar aqu\u00ed<\/a>)<\/li>\n<li><strong>Certificado de no inscripci\u00f3n al registro provincial de personas condenadas por delitos contra la identidad sexual<\/strong> (LEY 9680) (<a href=\"https:\/\/disweb.cba.gov.ar\/\">Descargar aqu\u00ed<\/a>)<\/li>\n<li><strong>Planilla de inscripci\u00f3n anual:<\/strong><\/li>\n<\/ul>\n<p>DESCARGAR PLANILLA AQU\u00cd:<\/p>\n<p><a href=\"https:\/\/docs.google.com\/document\/d\/1JZ6h1eabg_ijQpmrpkvwG5ikTY4LYBK-\/edit?usp=drive_link&amp;ouid=108861524196355868662&amp;rtpof=true&amp;sd=true\">RE-INSCRIP-2026-Educacion-Primaria<\/a><\/p>\n<p>DESCARGAR PLANILLA AQU\u00cd:<\/p>\n<p><a href=\"https:\/\/docs.google.com\/document\/d\/1ZJ15HPaF2P6y61XtpoMidDUt1gQDvzje\/edit?usp=sharing&amp;ouid=108861524196355868662&amp;rtpof=true&amp;sd=true\">RE-INSCRIP-2026-Educacion-Tecnologica<\/a><\/p>\n","protected":false},"excerpt":{"rendered":"<p>REQUISITOS ACAD\u00c9MICOS Durante la trayectoria formativa, cada estudiante deber\u00e1: Matricularse en la instituci\u00f3n; Inscribirse en las UC y\/o EC que desee cursar, siendo su responsabilidad respetar el r\u00e9gimen de correlatividades vigente. Conocer en profundidad el Plan de Estudios de la Carrera de Educaci\u00f3n Superior que ha elegido, \u00a0las UC y\/o EC que est\u00e1n comprendidas en &#8230; <a title=\"Requisitos de Inscripci\u00f3n\" class=\"read-more\" href=\"https:\/\/isfdvictoriaocampo-cba.infd.edu.ar\/sitio\/requisitos-de-inscripcion\/\" aria-label=\"More on Requisitos de Inscripci\u00f3n\">[+]<\/a><\/p>\n","protected":false},"author":191,"featured_media":0,"parent":0,"menu_order":0,"comment_status":"closed","ping_status":"closed","template":"","meta":[],"acf":[],"_links":{"self":[{"href":"https:\/\/isfdvictoriaocampo-cba.infd.edu.ar\/sitio\/wp-json\/wp\/v2\/pages\/800"}],"collection":[{"href":"https:\/\/isfdvictoriaocampo-cba.infd.edu.ar\/sitio\/wp-json\/wp\/v2\/pages"}],"about":[{"href":"https:\/\/isfdvictoriaocampo-cba.infd.edu.ar\/sitio\/wp-json\/wp\/v2\/types\/page"}],"author":[{"embeddable":true,"href":"https:\/\/isfdvictoriaocampo-cba.infd.edu.ar\/sitio\/wp-json\/wp\/v2\/users\/191"}],"replies":[{"embeddable":true,"href":"https:\/\/isfdvictoriaocampo-cba.infd.edu.ar\/sitio\/wp-json\/wp\/v2\/comments?post=800"}],"version-history":[{"count":4,"href":"https:\/\/isfdvictoriaocampo-cba.infd.edu.ar\/sitio\/wp-json\/wp\/v2\/pages\/800\/revisions"}],"predecessor-version":[{"id":1244,"href":"https:\/\/isfdvictoriaocampo-cba.infd.edu.ar\/sitio\/wp-json\/wp\/v2\/pages\/800\/revisions\/1244"}],"wp:attachment":[{"href":"https:\/\/isfdvictoriaocampo-cba.infd.edu.ar\/sitio\/wp-json\/wp\/v2\/media?parent=800"}],"curies":[{"name":"wp","href":"https:\/\/api.w.org\/{rel}","templated":true}]}}